{"id":4139,"date":"2023-12-14T13:50:27","date_gmt":"2023-12-14T13:50:27","guid":{"rendered":"https:\/\/www.straxovka.cz\/liczenziyi\/"},"modified":"2026-02-25T09:25:39","modified_gmt":"2026-02-25T09:25:39","slug":"licence","status":"publish","type":"page","link":"https:\/\/www.straxovka.cz\/uk\/licence\/","title":{"rendered":"\u041b\u0456\u0446\u0435\u043d\u0437\u0456\u0457"},"content":{"rendered":"<section data-bb-version=\"4.7.6\" id=\"bt_bb_section69ecd2b2956b0\" class=\"bt_bb_section bt_bb_color_scheme_2 bt_bb_layout_boxed_1200 bt_bb_vertical_align_top bt_bb_top_spacing_extra_large bt_bb_bottom_spacing_extra_large bt_bb_highlighted_no\" style=\"; --section-primary-color:#000000; --section-secondary-color:#ffffff;\" data-bt-override-class=\"{&quot;bt_bb_top_spacing_&quot;:{&quot;current_class&quot;:&quot;bt_bb_top_spacing_extra_large&quot;,&quot;xxl&quot;:&quot;extra_large&quot;},&quot;bt_bb_bottom_spacing_&quot;:{&quot;current_class&quot;:&quot;bt_bb_bottom_spacing_extra_large&quot;,&quot;xxl&quot;:&quot;extra_large&quot;}}\"><div class=\"bt_bb_port\"><div class=\"bt_bb_cell\"><div class=\"bt_bb_cell_inner\"><div data-bb-version=\"4.7.6\" class=\"bt_bb_row_wrapper bt_bb_row_push_left bt_bb_content_wide bt_bb_row_width_boxed_1400\"><div  class=\"bt_bb_row\"  data-bt-override-class=\"{}\"><div data-bb-version=\"4.7.6\"  class=\"bt_bb_column col-xxl-12 col-xl-12 col-xs-12 col-sm-12 col-md-12 col-lg-12 bt_bb_vertical_align_top bt_bb_align_left bt_bb_padding_normal bt_bb_animation_fade_in bt_bb_animation_move_up animate bt_bb_highlighted_no\" style=\"max-width: 1000px;margin: 0 auto;\" data-width=\"12\" data-bt-override-class=\"{&quot;bt_bb_align_&quot;:{&quot;current_class&quot;:&quot;bt_bb_align_left&quot;,&quot;xxl&quot;:&quot;left&quot;},&quot;bt_bb_padding_&quot;:{&quot;current_class&quot;:&quot;bt_bb_padding_normal&quot;,&quot;xxl&quot;:&quot;normal&quot;}}\"><div class=\"bt_bb_column_content\"><div class=\"bt_bb_column_content_inner\"><div class=\"bt_bb_separator bt_bb_border_style_none bt_bb_top_spacing_extra_large\" data-bt-override-class=\"null\"><\/div><header data-bb-version=\"4.7.6\" class=\"bt_bb_headline bt_bb_dash_none bt_bb_size_large bt_bb_align_center\" data-bt-override-class=\"{&quot;bt_bb_size_&quot;:{&quot;current_class&quot;:&quot;bt_bb_size_large&quot;,&quot;xxl&quot;:&quot;large&quot;},&quot;bt_bb_align_&quot;:{&quot;current_class&quot;:&quot;bt_bb_align_center&quot;,&quot;xxl&quot;:&quot;center&quot;}}\"><h1><span class=\"bt_bb_headline_content\"><span><strong>\u041b\u0456\u0446\u0435\u043d\u0437\u0456\u0457 \u0442\u0430 \u044e\u0440\u0438\u0434\u0438\u0447\u043d\u0456 \u0434\u0430\u043d\u0456<br \/>\r\n\u043a\u043e\u043c\u043f\u0430\u043d\u0456\u0457 Straxovka.cz<\/strong><\/span><\/span><\/h1><\/header><div data-bb-version=\"4.7.6\" class=\"bt_bb_separator bt_bb_border_style_none bt_bb_top_spacing_large bt_bb_bottom_spacing_none\" data-bt-override-class=\"{&quot;bt_bb_top_spacing_&quot;:{&quot;current_class&quot;:&quot;bt_bb_top_spacing_large&quot;,&quot;xxl&quot;:&quot;large&quot;},&quot;bt_bb_bottom_spacing_&quot;:{&quot;current_class&quot;:&quot;bt_bb_bottom_spacing_none&quot;,&quot;xxl&quot;:&quot;none&quot;}}\"><\/div><\/div><\/div><\/div><\/div><\/div><div data-bb-version=\"4.7.6\" class=\"bt_bb_row_wrapper bt_bb_row_push_right bt_bb_row_width_boxed_1200\"><div  class=\"bt_bb_row\"  data-bt-override-class=\"{}\"><div data-bb-version=\"4.7.6\"  class=\"bt_bb_column col-xxl-6 col-xl-6 col-xs-12 col-sm-6 col-md-6 col-lg-6 bt_bb_vertical_align_top bt_bb_align_left bt_bb_padding_normal\"  data-width=\"6\" data-bt-override-class=\"{}\"><div class=\"bt_bb_column_content\"><div class=\"bt_bb_column_content_inner\"><div data-bb-version=\"4.7.6\" class=\"bt_bb_image bt_bb_shape_square bt_bb_target_self bt_bb_align_inherit bt_bb_hover_style_simple bt_bb_content_display_always bt_bb_content_align_middle\" data-bt-override-class=\"{&quot;bt_bb_align_&quot;:{&quot;current_class&quot;:&quot;bt_bb_align_inherit&quot;,&quot;xxl&quot;:&quot;inherit&quot;},&quot;bt_bb_content_display_&quot;:{&quot;current_class&quot;:&quot;bt_bb_content_display_always&quot;,&quot;xxl&quot;:&quot;always&quot;}}\"><span><img loading=\"lazy\" decoding=\"async\" width=\"1811\" height=\"2560\" src=\"https:\/\/www.straxovka.cz\/wp-content\/uploads\/2026\/02\/vizitka_09368116_page-0001-scaled.jpg\" class=\"attachment-full size-full\" alt=\"https:\/\/www.straxovka.cz\/wp-content\/uploads\/2026\/02\/vizitka_09368116_page-0001-scaled.jpg\" data-full_image_src=\"https:\/\/www.straxovka.cz\/wp-content\/uploads\/2026\/02\/vizitka_09368116_page-0001-scaled.jpg\" title=\"vizitka_09368116_page-0001\" srcset=\"https:\/\/www.straxovka.cz\/wp-content\/uploads\/2026\/02\/vizitka_09368116_page-0001-scaled.jpg 1811w, https:\/\/www.straxovka.cz\/wp-content\/uploads\/2026\/02\/vizitka_09368116_page-0001-640x905.jpg 640w, https:\/\/www.straxovka.cz\/wp-content\/uploads\/2026\/02\/vizitka_09368116_page-0001-1280x1810.jpg 1280w, https:\/\/www.straxovka.cz\/wp-content\/uploads\/2026\/02\/vizitka_09368116_page-0001-768x1086.jpg 768w, https:\/\/www.straxovka.cz\/wp-content\/uploads\/2026\/02\/vizitka_09368116_page-0001-1086x1536.jpg 1086w, https:\/\/www.straxovka.cz\/wp-content\/uploads\/2026\/02\/vizitka_09368116_page-0001-1448x2048.jpg 1448w, https:\/\/www.straxovka.cz\/wp-content\/uploads\/2026\/02\/vizitka_09368116_page-0001-320x452.jpg 320w\" sizes=\"auto, (max-width: 1811px) 100vw, 1811px\" \/><\/span><\/div><\/div><\/div><\/div><div data-bb-version=\"4.7.6\"  class=\"bt_bb_column col-xxl-6 col-xl-6 col-xs-12 col-sm-6 col-md-6 col-lg-6 bt_bb_vertical_align_top bt_bb_align_left bt_bb_padding_normal\"  data-width=\"6\" data-bt-override-class=\"{}\"><div class=\"bt_bb_column_content\"><div class=\"bt_bb_column_content_inner\"><div data-bb-version=\"4.7.6\" class=\"bt_bb_image bt_bb_shape_square bt_bb_target_self bt_bb_align_inherit bt_bb_hover_style_simple bt_bb_content_display_always bt_bb_content_align_middle\" data-bt-override-class=\"{&quot;bt_bb_align_&quot;:{&quot;current_class&quot;:&quot;bt_bb_align_inherit&quot;,&quot;xxl&quot;:&quot;inherit&quot;},&quot;bt_bb_content_display_&quot;:{&quot;current_class&quot;:&quot;bt_bb_content_display_always&quot;,&quot;xxl&quot;:&quot;always&quot;}}\"><span><img loading=\"lazy\" decoding=\"async\" width=\"833\" height=\"587\" src=\"https:\/\/www.straxovka.cz\/wp-content\/uploads\/2023\/12\/lc2.webp\" class=\"attachment-full size-full\" alt=\"https:\/\/www.straxovka.cz\/wp-content\/uploads\/2023\/12\/lc2.webp\" data-full_image_src=\"https:\/\/www.straxovka.cz\/wp-content\/uploads\/2023\/12\/lc2.webp\" title=\"lc2\" srcset=\"https:\/\/www.straxovka.cz\/wp-content\/uploads\/2023\/12\/lc2.webp 833w, https:\/\/www.straxovka.cz\/wp-content\/uploads\/2023\/12\/lc2-640x451.webp 640w, https:\/\/www.straxovka.cz\/wp-content\/uploads\/2023\/12\/lc2-768x541.webp 768w, https:\/\/www.straxovka.cz\/wp-content\/uploads\/2023\/12\/lc2-320x225.webp 320w\" sizes=\"auto, (max-width: 833px) 100vw, 833px\" \/><\/span><\/div><\/div><\/div><\/div><\/div><\/div><div data-bb-version=\"4.7.6\" class=\"bt_bb_row_wrapper\"><div  class=\"bt_bb_row\"  data-bt-override-class=\"{}\"><div data-bb-version=\"4.7.6\"  class=\"bt_bb_column col-xxl-12 col-xl-12 col-xs-12 col-sm-12 col-md-12 col-lg-12 bt_bb_vertical_align_top bt_bb_align_left bt_bb_padding_normal\"  data-width=\"12\" data-bt-override-class=\"{}\"><div class=\"bt_bb_column_content\"><div class=\"bt_bb_column_content_inner\"><div data-bb-version=\"4.7.6\" class=\"bt_bb_separator bt_bb_border_style_none bt_bb_top_spacing_large bt_bb_bottom_spacing_none\" data-bt-override-class=\"{&quot;bt_bb_top_spacing_&quot;:{&quot;current_class&quot;:&quot;bt_bb_top_spacing_large&quot;,&quot;xxl&quot;:&quot;large&quot;},&quot;bt_bb_bottom_spacing_&quot;:{&quot;current_class&quot;:&quot;bt_bb_bottom_spacing_none&quot;,&quot;xxl&quot;:&quot;none&quot;}}\"><\/div><header data-bb-version=\"4.7.6\" class=\"bt_bb_headline bt_bb_dash_none bt_bb_size_large bt_bb_align_center\" data-bt-override-class=\"{&quot;bt_bb_size_&quot;:{&quot;current_class&quot;:&quot;bt_bb_size_large&quot;,&quot;xxl&quot;:&quot;large&quot;},&quot;bt_bb_align_&quot;:{&quot;current_class&quot;:&quot;bt_bb_align_center&quot;,&quot;xxl&quot;:&quot;center&quot;}}\"><h2><span class=\"bt_bb_headline_content\"><span><strong>\u042e\u0440\u0438\u0434\u0438\u0447\u043d\u0456 \u0434\u0430\u043d\u0456 \u043a\u043e\u043c\u043f\u0430\u043d\u0456\u0457<\/strong><\/span><\/span><\/h2><\/header><div data-bb-version=\"4.7.6\" class=\"bt_bb_separator bt_bb_border_style_none bt_bb_top_spacing_large bt_bb_bottom_spacing_none\" data-bt-override-class=\"{&quot;bt_bb_top_spacing_&quot;:{&quot;current_class&quot;:&quot;bt_bb_top_spacing_large&quot;,&quot;xxl&quot;:&quot;large&quot;},&quot;bt_bb_bottom_spacing_&quot;:{&quot;current_class&quot;:&quot;bt_bb_bottom_spacing_none&quot;,&quot;xxl&quot;:&quot;none&quot;}}\"><\/div><div data-bb-version=\"4.7.6\"  class=\"bt_bb_text fs-16\" ><ol>\n<li>Spole\u010dnost: straxovka.cz s.r.o.<\/li>\n<li>Identifika\u010dn\u00ed \u010d\u00edslo: 09368116<\/li>\n<li>Spisov\u00e1 zna\u010dka: C 335192\/MSPH veden\u00e1 u M\u011bstsk\u00e9ho soudu v Praze<\/li>\n<li>S\u00eddlo: V\u00e1clavsk\u00e9 n\u00e1m\u011bst\u00ed 17, Nov\u00e9 M\u011bsto, 110 00 Praha 1<\/li>\n<li>ID datov\u00e9 schr\u00e1nky: kpie273<\/li>\n<li>Provozn\u00ed \u00fa\u010det: 6536607369\/0800<\/li>\n<li>IBAN: CZ0808000000006536607369<\/li>\n<li>Registrace \u010cNB: ID 13488189<\/li>\n<\/ol>\n<hr \/>\n<p>Dal\u0161\u00ed informace:<\/p>\n<ul>\n<li>Slu\u017eba bez\u00faro\u010dn\u00e9 p\u016fj\u010dky: poskytnut\u00ed bez\u00faro\u010dn\u00e9 p\u016fj\u010dky na \u00fahradu poji\u0161t\u011bn\u00ed zaji\u0161\u0165uje spole\u010dnost straxovka.cz s.r.o. RPSN p\u016fj\u010dky je 0%.<\/li>\n<li>Spole\u010dnost zprost\u0159edkov\u00e1v\u00e1 poji\u0161t\u011bn\u00ed jako v\u00e1zan\u00fd z\u00e1stupce spole\u010dnosti \/poji\u0161\u0165ovac\u00edho agenta\/ Synergy Insurance s.r.o. , I\u010c: <span class=\"nowrap\">08581649<\/span>, se s\u00eddlem V\u00e1clavsk\u00e9 n\u00e1m\u011bst\u00ed 841\/3, Nov\u00e9 M\u011bsto (Praha 1), 110 00 Praha.<\/li>\n<li>Ostatn\u00ed slu\u017eby poskytuje spole\u010dnost Poradensk\u00e9 centrum straxovka.cz s.r.o.<\/li>\n<\/ul>\n<\/div><\/div><\/div><\/div><\/div><\/div><\/div><!-- cell_inner --><\/div><!-- cell --><\/div><!-- port --><\/section><section data-bb-version=\"4.7.6\" id=\"bt_bb_section69ecd2b29787c\" class=\"bt_bb_section bt_bb_layout_boxed_left_1200 bt_bb_vertical_align_top bt_bb_top_spacing_none bt_bb_bottom_spacing_none bt_bb_top_negative_margin_extra_large bt_bb_highlighted_no\" style=\"background: linear-gradient(to right, #b4e067 0%, #387b12 100%); z-index: 1;\" data-bt-override-class=\"{&quot;bt_bb_top_spacing_&quot;:{&quot;current_class&quot;:&quot;bt_bb_top_spacing_none&quot;,&quot;xxl&quot;:&quot;none&quot;},&quot;bt_bb_bottom_spacing_&quot;:{&quot;current_class&quot;:&quot;bt_bb_bottom_spacing_none&quot;,&quot;xxl&quot;:&quot;none&quot;}}\"><div class=\"bt_bb_port\"><div class=\"bt_bb_cell\"><div class=\"bt_bb_cell_inner\"><div class=\"bt_bb_row_wrapper\"><div  class=\"bt_bb_row\"  data-bt-override-class=\"{}\"><div  class=\"bt_bb_column col-xxl-12 col-xl-12 bt_bb_vertical_align_top bt_bb_align_left bt_bb_padding_normal\"  data-width=\"12\" data-bt-override-class=\"{}\"><div class=\"bt_bb_column_content\"><div class=\"bt_bb_column_content_inner\"><div class=\"bt_bb_separator bt_bb_border_style_none bt_bb_bottom_spacing_small\" data-bt-override-class=\"null\"><\/div><\/div><\/div><\/div><\/div><\/div><\/div><!-- cell_inner --><\/div><!-- cell --><\/div><!-- port --><\/section><section id=\"bt_bb_section69ecd2b297b71\" class=\"bt_bb_section bt_bb_layout_boxed_left_1200 bt_bb_vertical_align_top bt_bb_highlighted_no\" style=\"z-index: 2;;background-color:#ffffff;\" data-bt-override-class=\"null\"><div class=\"bt_bb_port\"><div class=\"bt_bb_cell\"><div class=\"bt_bb_cell_inner\"><div class=\"bt_bb_row_wrapper\"><div  class=\"bt_bb_row bt_bb_column_gap_20\"  data-bt-override-class=\"{}\"><div  class=\"bt_bb_column col-xxl-6 col-xl-6 bt_bb_vertical_align_middle bt_bb_align_center bt_bb_padding_double bt_bb_animation_fade_in bt_bb_animation_zoom_out animate bt_bb_highlighted_no\"  data-width=\"6\" data-bt-override-class=\"{}\"><div class=\"bt_bb_column_content\"><div class=\"bt_bb_column_content_inner\"><div class=\"bt_bb_separator bt_bb_border_style_none bt_bb_bottom_spacing_large\" data-bt-override-class=\"null\"><\/div><header class=\"bt_bb_headline bt_bb_dash_bottom bt_bb_size_large bt_bb_align_inherit\" data-bt-override-class=\"null\"><h3><span class=\"bt_bb_headline_content\"><span><strong>\u0417\u0432'\u044f\u0436\u0456\u0442\u044c\u0441\u044f \u0437 \u043d\u0430\u043c\u0438<\/strong><br \/>\r\n\u0417\u0430\u043f\u043e\u0432\u043d\u0456\u0442\u044c \u0444\u043e\u0440\u043c\u0443 \u0442\u0430 \u043c\u0435\u043d\u0435\u0434\u0436\u0435\u0440 \u0437 \u0432\u0430\u043c\u0438 \u0437\u0432'\u044f\u0436\u0435\u0442\u044c\u0441\u044f<\/span><\/span><\/h3><\/header><div class=\"bt_bb_separator bt_bb_border_style_none bt_bb_bottom_spacing_large\" data-bt-override-class=\"null\"><\/div><\/div><\/div><\/div><div  class=\"bt_bb_column col-xxl-6 col-xl-6 bt_bb_vertical_align_top bt_bb_align_left bt_bb_padding_double bt_bb_animation_fade_in bt_bb_animation_zoom_out animate bt_bb_highlighted_no\" style=\"border-left: 1px solid rgba(0,0,0,.1);\" data-width=\"6\" data-bt-override-class=\"{}\"><div class=\"bt_bb_column_content\"><div class=\"bt_bb_column_content_inner\"><div class=\"bt_bb_separator bt_bb_border_style_none bt_bb_top_spacing_normal bt_bb_bottom_spacing_large bt_bb_hidden_xs bt_bb_hidden_ms bt_bb_hidden_sm\" data-bt-override-class=\"null\"><\/div><div  class=\"bt_bb_text\" >\n<div class=\"wpcf7 no-js\" id=\"wpcf7-f4143-o1\" lang=\"uk\" dir=\"ltr\">\n<div class=\"screen-reader-response\"><p role=\"status\" aria-live=\"polite\" aria-atomic=\"true\"><\/p> <ul><\/ul><\/div>\n<form action=\"\/uk\/wp-json\/wp\/v2\/pages\/4139#wpcf7-f4143-o1\" method=\"post\" class=\"wpcf7-form init\" aria-label=\"Contact form\" novalidate=\"novalidate\" data-status=\"init\">\n<div style=\"display: none;\">\n<input type=\"hidden\" name=\"_wpcf7\" value=\"4143\" \/>\n<input type=\"hidden\" name=\"_wpcf7_version\" value=\"5.8.6\" \/>\n<input type=\"hidden\" name=\"_wpcf7_locale\" value=\"uk\" \/>\n<input type=\"hidden\" name=\"_wpcf7_unit_tag\" value=\"wpcf7-f4143-o1\" \/>\n<input type=\"hidden\" name=\"_wpcf7_container_post\" value=\"0\" \/>\n<input type=\"hidden\" name=\"_wpcf7_posted_data_hash\" value=\"\" \/>\n<\/div>\n<p><span class=\"wpcf7-form-control-wrap\" data-name=\"your-name\"><input size=\"40\" class=\"wpcf7-form-control wpcf7-text wpcf7-validates-as-required\" aria-required=\"true\" aria-invalid=\"false\" placeholder=\"\u0412\u0430\u0448\u0435 \u0456\u043c&#039;\u044f *\" value=\"\" type=\"text\" name=\"your-name\" \/><\/span>\n<\/p>\n<p><span class=\"wpcf7-form-control-wrap\" data-name=\"your-email\"><input size=\"40\" class=\"wpcf7-form-control wpcf7-email wpcf7-validates-as-required wpcf7-text wpcf7-validates-as-email\" aria-required=\"true\" aria-invalid=\"false\" placeholder=\"Email *\" value=\"\" type=\"email\" name=\"your-email\" \/><\/span>\n<\/p>\n<p><span class=\"wpcf7-form-control-wrap\" data-name=\"comments\"><textarea cols=\"40\" rows=\"8\" class=\"wpcf7-form-control wpcf7-textarea wpcf7-validates-as-required\" aria-required=\"true\" aria-invalid=\"false\" placeholder=\"\u0412\u0430\u0448\u0456 \u043f\u0438\u0442\u0430\u043d\u043d\u044f, \u0441\u0443\u043c\u043d\u0456\u0432\u0438, \u043f\u0440\u043e\u0431\u043b\u0435\u043c\u0438... *\" name=\"comments\"><\/textarea><\/span>\n<\/p>\n<p><input class=\"wpcf7-form-control wpcf7-submit has-spinner\" type=\"submit\" value=\"\u0412\u0456\u0434\u043f\u0440\u0430\u0432\u0438\u0442\u0438\" \/>\n<\/p><div class=\"wpcf7-response-output\" aria-hidden=\"true\"><\/div>\n<\/form>\n<\/div>\n<\/div><div class=\"bt_bb_separator bt_bb_border_style_none bt_bb_bottom_spacing_large\" data-bt-override-class=\"null\"><\/div><\/div><\/div><\/div><\/div><\/div><\/div><!-- cell_inner --><\/div><!-- cell --><\/div><!-- port --><\/section>","protected":false},"excerpt":{"rendered":"","protected":false},"author":1,"featured_media":0,"parent":0,"menu_order":0,"comment_status":"closed","ping_status":"closed","template":"","meta":{"inline_featured_image":false,"footnotes":""},"class_list":["post-4139","page","type-page","status-publish","hentry"],"acf":[],"yoast_head":"<!-- This site is optimized with the Yoast SEO plugin v21.8 - https:\/\/yoast.com\/wordpress\/plugins\/seo\/ -->\n<title>\u041b\u0456\u0446\u0435\u043d\u0437\u0456\u0457 - straxovka.cz - \u0421\u0430\u043c\u043e\u0435 \u0432\u044b\u0433\u043e\u0434\u043d\u043e\u0435 \u0441\u0442\u0440\u0430\u0445\u043e\u0432\u0430\u043d\u0438\u0435!<\/title>\n<meta name=\"robots\" content=\"index, follow, max-snippet:-1, max-image-preview:large, max-video-preview:-1\" \/>\n<link rel=\"canonical\" href=\"https:\/\/www.straxovka.cz\/uk\/licence\/\" \/>\n<meta property=\"og:locale\" content=\"uk_UA\" \/>\n<meta property=\"og:type\" content=\"article\" \/>\n<meta property=\"og:title\" content=\"\u041b\u0456\u0446\u0435\u043d\u0437\u0456\u0457 - straxovka.cz - \u0421\u0430\u043c\u043e\u0435 \u0432\u044b\u0433\u043e\u0434\u043d\u043e\u0435 \u0441\u0442\u0440\u0430\u0445\u043e\u0432\u0430\u043d\u0438\u0435!\" \/>\n<meta property=\"og:url\" content=\"https:\/\/www.straxovka.cz\/uk\/licence\/\" \/>\n<meta property=\"og:site_name\" content=\"straxovka.cz - \u0421\u0430\u043c\u043e\u0435 \u0432\u044b\u0433\u043e\u0434\u043d\u043e\u0435 \u0441\u0442\u0440\u0430\u0445\u043e\u0432\u0430\u043d\u0438\u0435!\" \/>\n<meta property=\"article:modified_time\" content=\"2026-02-25T09:25:39+00:00\" \/>\n<meta name=\"twitter:card\" content=\"summary_large_image\" \/>\n<meta name=\"twitter:label1\" content=\"\u041f\u0440\u0438\u0431\u043b. \u0447\u0430\u0441 \u0447\u0438\u0442\u0430\u043d\u043d\u044f\" \/>\n\t<meta name=\"twitter:data1\" content=\"4 \u0445\u0432\u0438\u043b\u0438\u043d\u0438\" \/>\n<script type=\"application\/ld+json\" class=\"yoast-schema-graph\">{\"@context\":\"https:\/\/schema.org\",\"@graph\":[{\"@type\":\"WebPage\",\"@id\":\"https:\/\/www.straxovka.cz\/uk\/licence\/\",\"url\":\"https:\/\/www.straxovka.cz\/uk\/licence\/\",\"name\":\"\u041b\u0456\u0446\u0435\u043d\u0437\u0456\u0457 - straxovka.cz - \u0421\u0430\u043c\u043e\u0435 \u0432\u044b\u0433\u043e\u0434\u043d\u043e\u0435 \u0441\u0442\u0440\u0430\u0445\u043e\u0432\u0430\u043d\u0438\u0435!\",\"isPartOf\":{\"@id\":\"https:\/\/www.straxovka.cz\/#website\"},\"datePublished\":\"2023-12-14T13:50:27+00:00\",\"dateModified\":\"2026-02-25T09:25:39+00:00\",\"breadcrumb\":{\"@id\":\"https:\/\/www.straxovka.cz\/uk\/licence\/#breadcrumb\"},\"inLanguage\":\"uk\",\"potentialAction\":[{\"@type\":\"ReadAction\",\"target\":[\"https:\/\/www.straxovka.cz\/uk\/licence\/\"]}]},{\"@type\":\"BreadcrumbList\",\"@id\":\"https:\/\/www.straxovka.cz\/uk\/licence\/#breadcrumb\",\"itemListElement\":[{\"@type\":\"ListItem\",\"position\":1,\"name\":\"\u0413\u043b\u0430\u0432\u043d\u0430\u044f \u0441\u0442\u0440\u0430\u043d\u0438\u0446\u0430\",\"item\":\"https:\/\/www.straxovka.cz\/uk\/\"},{\"@type\":\"ListItem\",\"position\":2,\"name\":\"\u041b\u0456\u0446\u0435\u043d\u0437\u0456\u0457\"}]},{\"@type\":\"WebSite\",\"@id\":\"https:\/\/www.straxovka.cz\/#website\",\"url\":\"https:\/\/www.straxovka.cz\/\",\"name\":\"straxovka.cz - \u0421\u0430\u043c\u043e\u0435 \u0432\u044b\u0433\u043e\u0434\u043d\u043e\u0435 \u0441\u0442\u0440\u0430\u0445\u043e\u0432\u0430\u043d\u0438\u0435!\",\"description\":\"\",\"potentialAction\":[{\"@type\":\"SearchAction\",\"target\":{\"@type\":\"EntryPoint\",\"urlTemplate\":\"https:\/\/www.straxovka.cz\/?s={search_term_string}\"},\"query-input\":\"required name=search_term_string\"}],\"inLanguage\":\"uk\"}]}<\/script>\n<!-- \/ Yoast SEO plugin. -->","yoast_head_json":{"title":"\u041b\u0456\u0446\u0435\u043d\u0437\u0456\u0457 - straxovka.cz - \u0421\u0430\u043c\u043e\u0435 \u0432\u044b\u0433\u043e\u0434\u043d\u043e\u0435 \u0441\u0442\u0440\u0430\u0445\u043e\u0432\u0430\u043d\u0438\u0435!","robots":{"index":"index","follow":"follow","max-snippet":"max-snippet:-1","max-image-preview":"max-image-preview:large","max-video-preview":"max-video-preview:-1"},"canonical":"https:\/\/www.straxovka.cz\/uk\/licence\/","og_locale":"uk_UA","og_type":"article","og_title":"\u041b\u0456\u0446\u0435\u043d\u0437\u0456\u0457 - straxovka.cz - \u0421\u0430\u043c\u043e\u0435 \u0432\u044b\u0433\u043e\u0434\u043d\u043e\u0435 \u0441\u0442\u0440\u0430\u0445\u043e\u0432\u0430\u043d\u0438\u0435!","og_url":"https:\/\/www.straxovka.cz\/uk\/licence\/","og_site_name":"straxovka.cz - \u0421\u0430\u043c\u043e\u0435 \u0432\u044b\u0433\u043e\u0434\u043d\u043e\u0435 \u0441\u0442\u0440\u0430\u0445\u043e\u0432\u0430\u043d\u0438\u0435!","article_modified_time":"2026-02-25T09:25:39+00:00","twitter_card":"summary_large_image","twitter_misc":{"\u041f\u0440\u0438\u0431\u043b. \u0447\u0430\u0441 \u0447\u0438\u0442\u0430\u043d\u043d\u044f":"4 \u0445\u0432\u0438\u043b\u0438\u043d\u0438"},"schema":{"@context":"https:\/\/schema.org","@graph":[{"@type":"WebPage","@id":"https:\/\/www.straxovka.cz\/uk\/licence\/","url":"https:\/\/www.straxovka.cz\/uk\/licence\/","name":"\u041b\u0456\u0446\u0435\u043d\u0437\u0456\u0457 - straxovka.cz - \u0421\u0430\u043c\u043e\u0435 \u0432\u044b\u0433\u043e\u0434\u043d\u043e\u0435 \u0441\u0442\u0440\u0430\u0445\u043e\u0432\u0430\u043d\u0438\u0435!","isPartOf":{"@id":"https:\/\/www.straxovka.cz\/#website"},"datePublished":"2023-12-14T13:50:27+00:00","dateModified":"2026-02-25T09:25:39+00:00","breadcrumb":{"@id":"https:\/\/www.straxovka.cz\/uk\/licence\/#breadcrumb"},"inLanguage":"uk","potentialAction":[{"@type":"ReadAction","target":["https:\/\/www.straxovka.cz\/uk\/licence\/"]}]},{"@type":"BreadcrumbList","@id":"https:\/\/www.straxovka.cz\/uk\/licence\/#breadcrumb","itemListElement":[{"@type":"ListItem","position":1,"name":"\u0413\u043b\u0430\u0432\u043d\u0430\u044f \u0441\u0442\u0440\u0430\u043d\u0438\u0446\u0430","item":"https:\/\/www.straxovka.cz\/uk\/"},{"@type":"ListItem","position":2,"name":"\u041b\u0456\u0446\u0435\u043d\u0437\u0456\u0457"}]},{"@type":"WebSite","@id":"https:\/\/www.straxovka.cz\/#website","url":"https:\/\/www.straxovka.cz\/","name":"straxovka.cz - \u0421\u0430\u043c\u043e\u0435 \u0432\u044b\u0433\u043e\u0434\u043d\u043e\u0435 \u0441\u0442\u0440\u0430\u0445\u043e\u0432\u0430\u043d\u0438\u0435!","description":"","potentialAction":[{"@type":"SearchAction","target":{"@type":"EntryPoint","urlTemplate":"https:\/\/www.straxovka.cz\/?s={search_term_string}"},"query-input":"required name=search_term_string"}],"inLanguage":"uk"}]}},"_links":{"self":[{"href":"https:\/\/www.straxovka.cz\/uk\/wp-json\/wp\/v2\/pages\/4139","targetHints":{"allow":["GET"]}}],"collection":[{"href":"https:\/\/www.straxovka.cz\/uk\/wp-json\/wp\/v2\/pages"}],"about":[{"href":"https:\/\/www.straxovka.cz\/uk\/wp-json\/wp\/v2\/types\/page"}],"author":[{"embeddable":true,"href":"https:\/\/www.straxovka.cz\/uk\/wp-json\/wp\/v2\/users\/1"}],"replies":[{"embeddable":true,"href":"https:\/\/www.straxovka.cz\/uk\/wp-json\/wp\/v2\/comments?post=4139"}],"version-history":[{"count":10,"href":"https:\/\/www.straxovka.cz\/uk\/wp-json\/wp\/v2\/pages\/4139\/revisions"}],"predecessor-version":[{"id":13471,"href":"https:\/\/www.straxovka.cz\/uk\/wp-json\/wp\/v2\/pages\/4139\/revisions\/13471"}],"wp:attachment":[{"href":"https:\/\/www.straxovka.cz\/uk\/wp-json\/wp\/v2\/media?parent=4139"}],"curies":[{"name":"wp","href":"https:\/\/api.w.org\/{rel}","templated":true}]}}